{"id":2,"date":"2021-06-01T09:43:45","date_gmt":"2021-06-01T07:43:45","guid":{"rendered":"http:\/\/download.kleindenkmaeler.de\/?page_id=2"},"modified":"2022-11-03T08:25:36","modified_gmt":"2022-11-03T07:25:36","slug":"beispiel-seite","status":"publish","type":"page","link":"https:\/\/download.kleindenkmaeler.de\/","title":{"rendered":"Beispiel-Seite"},"content":{"rendered":"\t\t<div data-elementor-type=\"wp-page\" data-elementor-id=\"2\" class=\"elementor elementor-2\" data-elementor-settings=\"[]\">\n\t\t\t\t\t\t\t<div class=\"elementor-section-wrap\">\n\t\t\t\t\t\t\t<section class=\"elementor-section elementor-top-section elementor-element elementor-element-5e9e632 elementor-section-boxed elementor-section-height-default elementor-section-height-default\" data-id=\"5e9e632\" data-element_type=\"section\">\n\t\t\t\t\t\t<div class=\"elementor-container elementor-column-gap-default\">\n\t\t\t\t\t<div class=\"elementor-column elementor-col-100 elementor-top-column elementor-element elementor-element-584f484\" data-id=\"584f484\" data-element_type=\"column\">\n\t\t\t<div class=\"elementor-widget-wrap elementor-element-populated\">\n\t\t\t\t\t\t\t\t<div class=\"elementor-element elementor-element-f13801e elementor-widget elementor-widget-spacer\" data-id=\"f13801e\" data-element_type=\"widget\" data-widget_type=\"spacer.default\">\n\t\t\t\t<div class=\"elementor-widget-container\">\n\t\t\t\t\t<div class=\"elementor-spacer\">\n\t\t\t<div class=\"elementor-spacer-inner\"><\/div>\n\t\t<\/div>\n\t\t\t\t<\/div>\n\t\t\t\t<\/div>\n\t\t\t\t\t<\/div>\n\t\t<\/div>\n\t\t\t\t\t\t\t<\/div>\n\t\t<\/section>\n\t\t\t\t<section class=\"elementor-section elementor-top-section elementor-element elementor-element-e50eeb9 elementor-section-boxed elementor-section-height-default elementor-section-height-default\" data-id=\"e50eeb9\" data-element_type=\"section\">\n\t\t\t\t\t\t<div class=\"elementor-container elementor-column-gap-default\">\n\t\t\t\t\t<div class=\"elementor-column elementor-col-100 elementor-top-column elementor-element elementor-element-bf354b6\" data-id=\"bf354b6\" data-element_type=\"column\" data-settings=\"{&quot;background_background&quot;:&quot;classic&quot;}\">\n\t\t\t<div class=\"elementor-widget-wrap elementor-element-populated\">\n\t\t\t\t\t\t\t\t<div class=\"elementor-element elementor-element-001da8b elementor-widget elementor-widget-spacer\" data-id=\"001da8b\" data-element_type=\"widget\" data-widget_type=\"spacer.default\">\n\t\t\t\t<div class=\"elementor-widget-container\">\n\t\t\t\t\t<div class=\"elementor-spacer\">\n\t\t\t<div class=\"elementor-spacer-inner\"><\/div>\n\t\t<\/div>\n\t\t\t\t<\/div>\n\t\t\t\t<\/div>\n\t\t\t\t\t<\/div>\n\t\t<\/div>\n\t\t\t\t\t\t\t<\/div>\n\t\t<\/section>\n\t\t\t\t<section class=\"elementor-section elementor-top-section elementor-element elementor-element-6c0fde7 elementor-section-boxed elementor-section-height-default elementor-section-height-default\" data-id=\"6c0fde7\" data-element_type=\"section\">\n\t\t\t\t\t\t<div class=\"elementor-container elementor-column-gap-default\">\n\t\t\t\t\t<div class=\"elementor-column elementor-col-33 elementor-top-column elementor-element elementor-element-d2412b3\" data-id=\"d2412b3\" data-element_type=\"column\">\n\t\t\t<div class=\"elementor-widget-wrap elementor-element-populated\">\n\t\t\t\t\t\t\t\t<div class=\"elementor-element elementor-element-d216c7d elementor-widget elementor-widget-spacer\" data-id=\"d216c7d\" data-element_type=\"widget\" data-widget_type=\"spacer.default\">\n\t\t\t\t<div class=\"elementor-widget-container\">\n\t\t\t\t\t<div class=\"elementor-spacer\">\n\t\t\t<div class=\"elementor-spacer-inner\"><\/div>\n\t\t<\/div>\n\t\t\t\t<\/div>\n\t\t\t\t<\/div>\n\t\t\t\t\t<\/div>\n\t\t<\/div>\n\t\t\t\t<div class=\"elementor-column elementor-col-33 elementor-top-column elementor-element elementor-element-3c51975\" data-id=\"3c51975\" data-element_type=\"column\">\n\t\t\t<div class=\"elementor-widget-wrap elementor-element-populated\">\n\t\t\t\t\t\t\t\t<div class=\"elementor-element elementor-element-0a2c3e4 elementor-widget elementor-widget-spacer\" data-id=\"0a2c3e4\" data-element_type=\"widget\" data-widget_type=\"spacer.default\">\n\t\t\t\t<div class=\"elementor-widget-container\">\n\t\t\t\t\t<div class=\"elementor-spacer\">\n\t\t\t<div class=\"elementor-spacer-inner\"><\/div>\n\t\t<\/div>\n\t\t\t\t<\/div>\n\t\t\t\t<\/div>\n\t\t\t\t<div class=\"elementor-element elementor-element-d4b99ab elementor-widget elementor-widget-text-editor\" data-id=\"d4b99ab\" data-element_type=\"widget\" data-widget_type=\"text-editor.default\">\n\t\t\t\t<div class=\"elementor-widget-container\">\n\t\t\t\t\t\t\t\t<h1 style=\"text-align: left;\"><span style=\"color: #003467;\"><strong>Klein- &amp; Flurdenkm\u00e4ler<\/strong><\/span><\/h1>\t\t\t\t\t\t<\/div>\n\t\t\t\t<\/div>\n\t\t\t\t\t<\/div>\n\t\t<\/div>\n\t\t\t\t<div class=\"elementor-column elementor-col-33 elementor-top-column elementor-element elementor-element-1bf41b4\" data-id=\"1bf41b4\" data-element_type=\"column\">\n\t\t\t<div class=\"elementor-widget-wrap elementor-element-populated\">\n\t\t\t\t\t\t\t\t<div class=\"elementor-element elementor-element-a4045ad elementor-widget elementor-widget-image\" data-id=\"a4045ad\" data-element_type=\"widget\" data-widget_type=\"image.default\">\n\t\t\t\t<div class=\"elementor-widget-container\">\n\t\t\t\t\t\t\t\t\t\t\t\t\t\t\t<img loading=\"lazy\" decoding=\"async\" width=\"811\" height=\"343\" src=\"https:\/\/download.kleindenkmaeler.de\/wp-content\/uploads\/2021\/06\/sbw_logo.png\" class=\"attachment-large size-large\" alt=\"\" srcset=\"https:\/\/download.kleindenkmaeler.de\/wp-content\/uploads\/2021\/06\/sbw_logo.png 811w, https:\/\/download.kleindenkmaeler.de\/wp-content\/uploads\/2021\/06\/sbw_logo-300x127.png 300w, https:\/\/download.kleindenkmaeler.de\/wp-content\/uploads\/2021\/06\/sbw_logo-768x325.png 768w, https:\/\/download.kleindenkmaeler.de\/wp-content\/uploads\/2021\/06\/sbw_logo-700x296.png 700w\" sizes=\"auto, (max-width: 811px) 100vw, 811px\" \/>\t\t\t\t\t\t\t\t\t\t\t\t\t\t\t<\/div>\n\t\t\t\t<\/div>\n\t\t\t\t\t<\/div>\n\t\t<\/div>\n\t\t\t\t\t\t\t<\/div>\n\t\t<\/section>\n\t\t\t\t<section class=\"elementor-section elementor-top-section elementor-element elementor-element-775e88c elementor-section-boxed elementor-section-height-default elementor-section-height-default\" data-id=\"775e88c\" data-element_type=\"section\">\n\t\t\t\t\t\t<div class=\"elementor-container elementor-column-gap-default\">\n\t\t\t\t\t<div class=\"elementor-column elementor-col-33 elementor-top-column elementor-element elementor-element-c989e0a\" data-id=\"c989e0a\" data-element_type=\"column\">\n\t\t\t<div class=\"elementor-widget-wrap elementor-element-populated\">\n\t\t\t\t\t\t\t\t<div class=\"elementor-element elementor-element-87d80a7 elementor-widget elementor-widget-spacer\" data-id=\"87d80a7\" data-element_type=\"widget\" data-widget_type=\"spacer.default\">\n\t\t\t\t<div class=\"elementor-widget-container\">\n\t\t\t\t\t<div class=\"elementor-spacer\">\n\t\t\t<div class=\"elementor-spacer-inner\"><\/div>\n\t\t<\/div>\n\t\t\t\t<\/div>\n\t\t\t\t<\/div>\n\t\t\t\t\t<\/div>\n\t\t<\/div>\n\t\t\t\t<div class=\"elementor-column elementor-col-33 elementor-top-column elementor-element elementor-element-5942dfa\" data-id=\"5942dfa\" data-element_type=\"column\">\n\t\t\t<div class=\"elementor-widget-wrap elementor-element-populated\">\n\t\t\t\t\t\t\t\t<div class=\"elementor-element elementor-element-faa4b30 elementor-widget elementor-widget-text-editor\" data-id=\"faa4b30\" data-element_type=\"widget\" data-widget_type=\"text-editor.default\">\n\t\t\t\t<div class=\"elementor-widget-container\">\n\t\t\t\t\t\t\t\t<p><span style=\"color: #003467;\"><!-- wp:paragraph --><\/span><\/p>\n<ul>\n<li><span style=\"color: #003467;\"><a style=\"color: #003467;\" href=\"https:\/\/download.kleindenkmaeler.de\/wp-content\/uploads\/2021\/06\/praesentstion_Klein-_Flurdenkmaeler_Lungau_ebook__02.11.17.pdf\" download=\"Pr\u00e4sentation Klein- &amp; Flurdenkm\u00e4ler.pdf\">Pr\u00e4sentation Klein- &amp; Flurdenkm\u00e4ler <\/a><\/span><\/li>\n<li><span style=\"color: #003467;\"><a style=\"color: #003467;\" href=\"https:\/\/download.kleindenkmaeler.de\/wp-content\/uploads\/2021\/06\/leitfaden-lungau_gesamt_5_18.01.18.pdf\" download=\"Leitfaden.pdf\">Leitfaden<\/a><\/span><\/li>\n\n<li><span style=\"color: #003467;\"><a style=\"color: #003467;\" href=\"https:\/\/download.kleindenkmaeler.de\/wp-content\/uploads\/2021\/06\/BreitenUndLaengengradMitGoogleMaps.pdf\" download=\"Erfassen mit Google Maps.pdf\">Erfassen mit Google Maps<\/a><\/span><\/li>\n<li><span style=\"color: #003467;\"><a style=\"color: #003467;\" href=\"https:\/\/download.kleindenkmaeler.de\/wp-content\/uploads\/2021\/06\/kuf_lungau_erhebungsbogen_ausgefuellt.pdf\" download=\"Erhebungsbogen Beispiel.pdf\">Erhebungsbogen Beispiel<\/a><\/span><\/li>\n\n<li><span style=\"color: #003467;\"><a style=\"color: #003467;\" href=\"https:\/\/download.kleindenkmaeler.de\/wp-content\/uploads\/2021\/06\/kuf_lungau_erhebungsbogen_blanko.pdf\" download=\"Erhebungsbogen Blanko Vorlage.pdf\">Erhebungsbogen Blanko Vorlage<\/a><\/span><\/li>\n\n<li><span style=\"color: #003467;\"><a style=\"color: #003467;\" href=\"https:\/\/download.kleindenkmaeler.de\/wp-content\/uploads\/2021\/06\/Sbg-denkmalliste_2020.pdf\" download=\"Salzburger Denkmalliste.pdf\">Salzburger Denkmalliste<\/a><\/span><\/li>\n\n<li><span style=\"color: #003467;\"><a style=\"color: #003467;\" href=\"https:\/\/download.kleindenkmaeler.de\/wp-content\/uploads\/2021\/06\/Katastralgemeinden-lungau_24.05.18.pdf\" download=\"Katastralgemeinden Lungau.pdf\">Katastralgemeinden Lungau<\/a><\/span><\/li>\n\n<li><span style=\"color: #003467;\"><a style=\"color: #003467;\" href=\"https:\/\/secure.umweltbundesamt.at\/edm_portal\/redaList.do\">Katastralgemeinden Salzburg<\/a><\/span><\/li>\n\n<li><span style=\"color: #003467;\"><a style=\"color: #003467;\" href=\"https:\/\/download.kleindenkmaeler.de\/wp-content\/uploads\/2021\/06\/Befestigungsbeispiele_qr_tafeln_3_23.04.2021.pdf\" download=\"Katastralgemeinden Lungau.pdf\">Befestigungsbeispiele QR-Tafeln<\/a><\/span><\/li>\n\n<p>&nbsp;<\/p>\n<p><span style=\"color: #003467;\"><!-- \/wp:paragraph --><\/span><\/p>\t\t\t\t\t\t<\/div>\n\t\t\t\t<\/div>\n\t\t\t\t\t<\/div>\n\t\t<\/div>\n\t\t\t\t<div class=\"elementor-column elementor-col-33 elementor-top-column elementor-element elementor-element-8a7e0ec\" data-id=\"8a7e0ec\" data-element_type=\"column\">\n\t\t\t<div class=\"elementor-widget-wrap elementor-element-populated\">\n\t\t\t\t\t\t\t\t<div class=\"elementor-element elementor-element-90f3f5e elementor-widget elementor-widget-text-editor\" data-id=\"90f3f5e\" data-element_type=\"widget\" data-widget_type=\"text-editor.default\">\n\t\t\t\t<div class=\"elementor-widget-container\">\n\t\t\t\t\t\t\t\t<p><span style=\"color: #ffffff;\">Lorem ipsum dolor sit amet,\u00a0<\/span><\/p>\t\t\t\t\t\t<\/div>\n\t\t\t\t<\/div>\n\t\t\t\t\t<\/div>\n\t\t<\/div>\n\t\t\t\t\t\t\t<\/div>\n\t\t<\/section>\n\t\t\t\t<section class=\"elementor-section elementor-top-section elementor-element elementor-element-06fa3cb elementor-section-boxed elementor-section-height-default elementor-section-height-default\" data-id=\"06fa3cb\" data-element_type=\"section\">\n\t\t\t\t\t\t<div class=\"elementor-container elementor-column-gap-default\">\n\t\t\t\t\t<div class=\"elementor-column elementor-col-100 elementor-top-column elementor-element elementor-element-e804aea\" data-id=\"e804aea\" data-element_type=\"column\">\n\t\t\t<div class=\"elementor-widget-wrap elementor-element-populated\">\n\t\t\t\t\t\t\t\t<div class=\"elementor-element elementor-element-3a08eb3 elementor-widget elementor-widget-image\" data-id=\"3a08eb3\" data-element_type=\"widget\" data-widget_type=\"image.default\">\n\t\t\t\t<div class=\"elementor-widget-container\">\n\t\t\t\t\t\t\t\t\t\t\t\t\t\t\t<img loading=\"lazy\" decoding=\"async\" width=\"2560\" height=\"342\" src=\"https:\/\/download.kleindenkmaeler.de\/wp-content\/uploads\/2021\/06\/Logoleiste-Bd_Ld_EU_ELER-L_2020_PRINT_V25-02-20-scaled.jpg\" class=\"attachment-full size-full\" alt=\"\" srcset=\"https:\/\/download.kleindenkmaeler.de\/wp-content\/uploads\/2021\/06\/Logoleiste-Bd_Ld_EU_ELER-L_2020_PRINT_V25-02-20-scaled.jpg 2560w, https:\/\/download.kleindenkmaeler.de\/wp-content\/uploads\/2021\/06\/Logoleiste-Bd_Ld_EU_ELER-L_2020_PRINT_V25-02-20-300x40.jpg 300w, https:\/\/download.kleindenkmaeler.de\/wp-content\/uploads\/2021\/06\/Logoleiste-Bd_Ld_EU_ELER-L_2020_PRINT_V25-02-20-1024x137.jpg 1024w, https:\/\/download.kleindenkmaeler.de\/wp-content\/uploads\/2021\/06\/Logoleiste-Bd_Ld_EU_ELER-L_2020_PRINT_V25-02-20-768x103.jpg 768w, https:\/\/download.kleindenkmaeler.de\/wp-content\/uploads\/2021\/06\/Logoleiste-Bd_Ld_EU_ELER-L_2020_PRINT_V25-02-20-1536x205.jpg 1536w, https:\/\/download.kleindenkmaeler.de\/wp-content\/uploads\/2021\/06\/Logoleiste-Bd_Ld_EU_ELER-L_2020_PRINT_V25-02-20-2048x273.jpg 2048w, https:\/\/download.kleindenkmaeler.de\/wp-content\/uploads\/2021\/06\/Logoleiste-Bd_Ld_EU_ELER-L_2020_PRINT_V25-02-20-700x93.jpg 700w\" sizes=\"auto, (max-width: 2560px) 100vw, 2560px\" \/>\t\t\t\t\t\t\t\t\t\t\t\t\t\t\t<\/div>\n\t\t\t\t<\/div>\n\t\t\t\t\t<\/div>\n\t\t<\/div>\n\t\t\t\t\t\t\t<\/div>\n\t\t<\/section>\n\t\t\t\t<section class=\"elementor-section elementor-top-section elementor-element elementor-element-8fee1b7 elementor-section-boxed elementor-section-height-default elementor-section-height-default\" data-id=\"8fee1b7\" data-element_type=\"section\">\n\t\t\t\t\t\t<div class=\"elementor-container elementor-column-gap-default\">\n\t\t\t\t\t<div class=\"elementor-column elementor-col-100 elementor-top-column elementor-element elementor-element-287e544\" data-id=\"287e544\" data-element_type=\"column\" data-settings=\"{&quot;background_background&quot;:&quot;classic&quot;}\">\n\t\t\t<div class=\"elementor-widget-wrap elementor-element-populated\">\n\t\t\t\t\t\t\t\t<div class=\"elementor-element elementor-element-20f3640 elementor-widget elementor-widget-text-editor\" data-id=\"20f3640\" data-element_type=\"widget\" data-widget_type=\"text-editor.default\">\n\t\t\t\t<div class=\"elementor-widget-container\">\n\t\t\t\t\t\t\t\t<p style=\"text-align: right;\"><span style=\"color: #ffffff;\">Kontakt: <a style=\"color: #ffffff;\" href=\"mailto:info@kleindenkmaeler.com\">info@kleindenkmaeler.com<\/a><br \/><\/span><a href=\"https:\/\/download.kleindenkmaeler.de\/?page_id=3\"><span style=\"color: #ffffff;\">Datenschutzerkl\u00e4rung<\/span><\/a><\/p>\n<p style=\"text-align: right;\"><span style=\"color: #ffffff;\">\u00a0<\/span><\/p>\t\t\t\t\t\t<\/div>\n\t\t\t\t<\/div>\n\t\t\t\t\t<\/div>\n\t\t<\/div>\n\t\t\t\t\t\t\t<\/div>\n\t\t<\/section>\n\t\t\t\t<section class=\"elementor-section elementor-top-section elementor-element elementor-element-5194351 elementor-section-boxed elementor-section-height-default elementor-section-height-default\" data-id=\"5194351\" data-element_type=\"section\">\n\t\t\t\t\t\t<div class=\"elementor-container elementor-column-gap-default\">\n\t\t\t\t\t<div class=\"elementor-column elementor-col-100 elementor-top-column elementor-element elementor-element-3c1d038\" data-id=\"3c1d038\" data-element_type=\"column\">\n\t\t\t<div class=\"elementor-widget-wrap elementor-element-populated\">\n\t\t\t\t\t\t\t\t<div class=\"elementor-element elementor-element-443db05 elementor-widget elementor-widget-spacer\" data-id=\"443db05\" data-element_type=\"widget\" data-widget_type=\"spacer.default\">\n\t\t\t\t<div class=\"elementor-widget-container\">\n\t\t\t\t\t<div class=\"elementor-spacer\">\n\t\t\t<div class=\"elementor-spacer-inner\"><\/div>\n\t\t<\/div>\n\t\t\t\t<\/div>\n\t\t\t\t<\/div>\n\t\t\t\t\t<\/div>\n\t\t<\/div>\n\t\t\t\t\t\t\t<\/div>\n\t\t<\/section>\n\t\t\t\t\t\t<\/div>\n\t\t\t\t\t<\/div>\n\t\t","protected":false},"excerpt":{"rendered":"<p>Klein- &amp; Flurdenkm\u00e4ler Pr\u00e4sentation Klein- &amp; Flurdenkm\u00e4ler Leitfaden Erfassen mit Google Maps Erhebungsbogen Beispiel Erhebungsbogen Blanko Vorlage Salzburger Denkmalliste Katastralgemeinden Lungau Katastralgemeinden Salzburg Befestigungsbeispiele QR-Tafeln &nbsp; Lorem ipsum dolor sit amet,\u00a0 Kontakt: info@kleindenkmaeler.comDatenschutzerkl\u00e4rung \u00a0<\/p>\n","protected":false},"author":1,"featured_media":0,"parent":0,"menu_order":0,"comment_status":"closed","ping_status":"open","template":"elementor_canvas","meta":{"footnotes":""},"class_list":["post-2","page","type-page","status-publish","hentry"],"_links":{"self":[{"href":"https:\/\/download.kleindenkmaeler.de\/index.php?rest_route=\/wp\/v2\/pages\/2","targetHints":{"allow":["GET"]}}],"collection":[{"href":"https:\/\/download.kleindenkmaeler.de\/index.php?rest_route=\/wp\/v2\/pages"}],"about":[{"href":"https:\/\/download.kleindenkmaeler.de\/index.php?rest_route=\/wp\/v2\/types\/page"}],"author":[{"embeddable":true,"href":"https:\/\/download.kleindenkmaeler.de\/index.php?rest_route=\/wp\/v2\/users\/1"}],"replies":[{"embeddable":true,"href":"https:\/\/download.kleindenkmaeler.de\/index.php?rest_route=%2Fwp%2Fv2%2Fcomments&post=2"}],"version-history":[{"count":24,"href":"https:\/\/download.kleindenkmaeler.de\/index.php?rest_route=\/wp\/v2\/pages\/2\/revisions"}],"predecessor-version":[{"id":53,"href":"https:\/\/download.kleindenkmaeler.de\/index.php?rest_route=\/wp\/v2\/pages\/2\/revisions\/53"}],"wp:attachment":[{"href":"https:\/\/download.kleindenkmaeler.de\/index.php?rest_route=%2Fwp%2Fv2%2Fmedia&parent=2"}],"curies":[{"name":"wp","href":"https:\/\/api.w.org\/{rel}","templated":true}]}}