{"id":3,"date":"2021-06-01T09:43:45","date_gmt":"2021-06-01T07:43:45","guid":{"rendered":"http:\/\/download.kleindenkmaeler.de\/?page_id=3"},"modified":"2022-11-03T08:23:51","modified_gmt":"2022-11-03T07:23:51","slug":"datenschutzerklaerung","status":"publish","type":"page","link":"https:\/\/download.kleindenkmaeler.de\/?page_id=3","title":{"rendered":"Datenschutzerkl\u00e4rung"},"content":{"rendered":"\t\t<div data-elementor-type=\"wp-page\" data-elementor-id=\"3\" class=\"elementor elementor-3\" data-elementor-settings=\"[]\">\n\t\t\t\t\t\t\t<div class=\"elementor-section-wrap\">\n\t\t\t\t\t\t\t<section class=\"elementor-section elementor-top-section elementor-element elementor-element-147728a6 elementor-section-boxed elementor-section-height-default elementor-section-height-default\" data-id=\"147728a6\" data-element_type=\"section\">\n\t\t\t\t\t\t<div class=\"elementor-container elementor-column-gap-default\">\n\t\t\t\t\t<div class=\"elementor-column elementor-col-100 elementor-top-column elementor-element elementor-element-3f52bdc9\" data-id=\"3f52bdc9\" data-element_type=\"column\">\n\t\t\t<div class=\"elementor-widget-wrap elementor-element-populated\">\n\t\t\t\t\t\t\t\t<div class=\"elementor-element elementor-element-663f1311 elementor-widget elementor-widget-text-editor\" data-id=\"663f1311\" data-element_type=\"widget\" data-widget_type=\"text-editor.default\">\n\t\t\t\t<div class=\"elementor-widget-container\">\n\t\t\t\t\t\t\t\t<!-- wp:heading -->\n<h1><strong>Datenschutzerkl\u00e4rung<\/strong><\/h1>\n<p><strong>\u00a0Wer wir sind<\/strong><\/p>\n<p>Die Adresse unserer Website ist: https:\/\/download.kleindenkmaeler.de<\/p>\n<p><strong>Kommentare<\/strong><\/p>\n<p>Wenn Besucher Kommentare auf der Website schreiben, sammeln wir die Daten, die im Kommentar-Formular angezeigt werden, au\u00dferdem die IP-Adresse des Besuchers und den User-Agent-String (damit wird der Browser identifiziert), um die Erkennung von Spam zu unterst\u00fctzen.<\/p>\n<p><strong>Medien<\/strong><\/p>\n<p>Wenn du ein registrierter Benutzer bist und Fotos auf diese Website l\u00e4dst, solltest du vermeiden, Fotos mit einem EXIF-GPS-Standort hochzuladen. Besucher dieser Website k\u00f6nnten Fotos, die auf dieser Website gespeichert sind, herunterladen und deren Standort-Informationen extrahieren.<br \/><br \/><strong>Cookies<\/strong><\/p>\n<p>Wenn du einen Kommentar auf unserer Website schreibst, kann das eine Einwilligung sein, deinen Namen, E-Mail-Adresse und Website in Cookies zu speichern. Dies ist eine Komfortfunktion, damit du nicht, wenn du einen weiteren Kommentar schreibst, all diese Daten erneut eingeben musst. Diese Cookies werden ein Jahr lang gespeichert.<\/p>\n<p>Falls du ein Konto hast und dich auf dieser Website anmeldest, werden wir ein tempor\u00e4res Cookie setzen, um festzustellen, ob dein Browser Cookies akzeptiert. Dieses Cookie enth\u00e4lt keine personenbezogenen Daten und wird verworfen, wenn du deinen Browser schlie\u00dft.<\/p>\n<p>Wenn du dich anmeldest, werden wir einige Cookies einrichten, um deine Anmeldeinformationen und Anzeigeoptionen zu speichern. Anmelde-Cookies verfallen nach zwei Tagen und Cookies f\u00fcr die Anzeigeoptionen nach einem Jahr. Falls du bei der Anmeldung \u201eAngemeldet bleiben\u201c ausw\u00e4hlst, wird deine Anmeldung zwei Wochen lang aufrechterhalten. Mit der Abmeldung aus deinem Konto werden die Anmelde-Cookies gel\u00f6scht.<\/p>\n<p>Wenn du einen Artikel bearbeitest oder ver\u00f6ffentlichst, wird ein zus\u00e4tzlicher Cookie in deinem Browser gespeichert. Dieser Cookie enth\u00e4lt keine personenbezogenen Daten und verweist nur auf die Beitrags-ID des Artikels, den du gerade bearbeitet hast. Der Cookie verf\u00e4llt nach einem Tag.<\/p>\n<p><strong>\u00a0<\/strong><\/p>\n<p><strong>Eingebettete Inhalte von anderen Websites<\/strong><\/p>\n<p>Beitr\u00e4ge auf dieser Website k\u00f6nnen eingebettete Inhalte beinhalten (z. B. Videos, Bilder, Beitr\u00e4ge etc.). Eingebettete Inhalte von anderen Websites verhalten sich exakt so, als ob der Besucher die andere Website besucht h\u00e4tte.<\/p>\n<p>Diese Websites k\u00f6nnen Daten \u00fcber dich sammeln, Cookies benutzen, zus\u00e4tzliche Tracking-Dienste von Dritten einbetten und deine Interaktion mit diesem eingebetteten Inhalt aufzeichnen, inklusive deiner Interaktion mit dem eingebetteten Inhalt, falls du ein Konto hast und auf dieser Website angemeldet bist.<\/p>\n<p><strong>Mit wem wir deine Daten teilen<\/strong><\/p>\n<p>Wenn du eine Zur\u00fccksetzung des Passworts beantragst, wird deine IP-Adresse in der E-Mail zur Zur\u00fccksetzung enthalten sein.<\/p>\n<p><strong>Wie lange wir deine Daten speichern<\/strong><\/p>\n<p>Wenn du einen Kommentar schreibst, wird dieser inklusive Metadaten zeitlich unbegrenzt gespeichert. Auf diese Art k\u00f6nnen wir Folgekommentare automatisch erkennen und freigeben, anstatt sie in einer Moderations-Warteschlange festzuhalten.<\/p>\n<p>F\u00fcr Benutzer, die sich auf unserer Website registrieren, speichern wir zus\u00e4tzlich die pers\u00f6nlichen Informationen, die sie in ihren Benutzerprofilen angeben. Alle Benutzer k\u00f6nnen jederzeit ihre pers\u00f6nlichen Informationen einsehen, ver\u00e4ndern oder l\u00f6schen (der Benutzername kann nicht ver\u00e4ndert werden). Administratoren der Website k\u00f6nnen diese Informationen ebenfalls einsehen und ver\u00e4ndern.<\/p>\n<p><strong>Welche Rechte du an deinen Daten hast<\/strong><\/p>\n<p>Wenn du ein Konto auf dieser Website besitzt oder Kommentare geschrieben hast, kannst du einen Export deiner personenbezogenen Daten bei uns anfordern, inklusive aller Daten, die du uns mitgeteilt hast. Dar\u00fcber hinaus kannst du die L\u00f6schung aller personenbezogenen Daten, die wir von dir gespeichert haben, anfordern. Dies umfasst nicht die Daten, die wir aufgrund administrativer, rechtlicher oder sicherheitsrelevanter Notwendigkeiten aufbewahren m\u00fcssen.<\/p>\n<p><strong>Wohin wir deine Daten senden<\/strong><\/p>\n<p>Besucher-Kommentare k\u00f6nnten von einem automatisierten Dienst zur Spam-Erkennung untersucht werden.<\/p>\n<p><strong>Pers\u00f6nliche Daten<\/strong><\/p>\n<p>Pers\u00f6nliche Daten, die Sie auf dieser Website elektronisch \u00fcbermitteln, wie zum Beispiel Name, E-Mail-Adresse, Adresse oder andere pers\u00f6nlichen Angaben, werden von uns nur zum jeweils angegebenen Zweck verwendet, sicher verwahrt und nicht an Dritte weitergegeben. Der Provider erhebt und speichert automatisch Informationen am Webserver wie verwendeter Browser, Betriebssystem, Verweisseite, IP-Adresse, Uhrzeit des Zugriffs usw. Diese Daten k\u00f6nnen ohne Pr\u00fcfung weiterer Datenquellen keinen bestimmten Personen zugeordnet werden und wir werten diese Daten auch nicht weiter aus solange keine rechtswidrige Nutzung unserer Webseite vorliegt.<\/p>\n<p><strong>Google Analytics<\/strong><\/p>\n<p>Diese Website benutzt Google Analytics, einen Webanalysedienst der Google Inc. (\u201eGoogle\u201c). Google Analytics verwendet sog. \u201eCookies\u201c, Textdateien, die auf Ihrem Computer gespeichert werden und die eine Analyse der Benutzung der Website durch Sie erm\u00f6glichen. Die durch den Cookie erzeugten Informationen \u00fcber Ihre Benutzung dieser Website (einschlie\u00dflich Ihrer IP-Adresse) wird an einen Server von Google in den USA \u00fcbertragen und dort gespeichert. Google wird diese Informationen benutzen, um Ihre Nutzung der Website auszuwerten, um Reports \u00fcber die Websiteaktivit\u00e4ten f\u00fcr die Websitebetreiber zusammenzustellen und um weitere mit der Websitenutzung und der Internetnutzung verbundene Dienstleistungen zu erbringen. Auch wird Google diese Informationen gegebenenfalls an Dritte \u00fcbertragen, sofern dies gesetzlich vorgeschrieben oder soweit Dritte diese Daten im Auftrag von Google verarbeiten. Google wird in keinem Fall Ihre IP-Adresse mit anderen Daten von Google in Verbindung bringen. Sie k\u00f6nnen die Installation der Cookies durch eine entsprechende Einstellung Ihrer Browser Software verhindern; wir weisen Sie jedoch darauf hin, dass Sie in diesem Fall gegebenenfalls nicht s\u00e4mtliche Funktionen dieser Website vollumf\u00e4nglich nutzen k\u00f6nnen. Durch die Nutzung dieser Website erkl\u00e4ren Sie sich mit der Bearbeitung der \u00fcber Sie erhobenen Daten durch Google in der zuvor beschriebenen Art und Weise und zu dem zuvor benannten Zweck einverstanden.<\/p>\n<p><strong>Google Maps<\/strong><\/p>\n<p>Diese Seite nutzt \u00fcber eine API den Karten\u00addienst Google Maps. Anbieter ist die Google Inc., 1600 Amphi\u00adtheatre Parkway, Moun\u00adtain View, CA 94043, USA.<\/p>\n<p>Zur Nutzung der Funk\u00adtionen von Google Maps ist es notwendig, Ihre IP Adresse zu spei\u00adchern. Diese Informa\u00adtionen werden in der Regel an einen Server von Google in den USA \u00fcber\u00adtragen und dort gespei\u00adchert. Der Anbieter dieser Seite hat keinen Einfluss auf diese Daten\u00ad\u00fcber\u00adtra\u00adgung.<\/p>\n<p>Rechts\u00adgrund\u00adlage des Einsatzes von Google Maps: Art. 6 Abs. 1 lit. f DSGVO.<\/p>\n<p>Mehr Infor\u00adma\u00adtionen zum Umgang mit Nutzer\u00addaten finden Sie in der Daten\u00adschutz\u00ader\u00adkl\u00e4\u00adrung von Google: <a href=\"https:\/\/policies.google.com\/privacy\">https:\/\/poli\u00adcies.google.com\/privacy<\/a><\/p>\n<p><strong>Datenschutzerkl\u00e4rung f\u00fcr die Nutzung von Facebook-Plugins (Like-Button)<\/strong><\/p>\n<p>Auf unseren Seiten sind Plugins des sozialen Netzwerks Facebook, 1601 South California Avenue, Palo Alto, CA 94304, USA integriert. Die Facebook-Plugins erkennen Sie an dem Facebook-Logo oder dem \u201eLike-Button\u201c (\u201eGef\u00e4llt mir\u201c) auf unserer Seite. Eine \u00dcbersicht \u00fcber die Facebook-Plugins finden Sie hier: <a href=\"http:\/\/developers.facebook.com\/docs\/plugins\/\">developers.facebook.com\/docs\/plugins\/<\/a>. Wenn Sie unsere Seiten besuchen, wird \u00fcber das Plugin eine direkte Verbindung zwischen Ihrem Browser und dem Facebook-Server hergestellt. Facebook erh\u00e4lt dadurch die Information, dass Sie mit Ihrer IP-Adresse unsere Seite besucht haben. Wenn Sie den Facebook \u201eLike-Button\u201c anklicken w\u00e4hrend Sie in Ihrem Facebook-Account eingeloggt sind, k\u00f6nnen Sie die Inhalte unserer Seiten auf Ihrem Facebook-Profil verlinken. Dadurch kann Facebook den Besuch unserer Seiten Ihrem Benutzerkonto zuordnen. Wir weisen darauf hin, dass wir als Anbieter der Seiten keine Kenntnis vom Inhalt der \u00fcbermittelten Daten sowie deren Nutzung durch Facebook erhalten. Weitere Informationen hierzu finden Sie in der Datenschutzerkl\u00e4rung von facebook unter <a href=\"http:\/\/de-de.facebook.com\/policy.php\">de-de.facebook.com\/policy.php<\/a> Wenn Sie nicht w\u00fcnschen, dass Facebook den Besuch unserer Seiten Ihrem Facebook-Nutzerkonto zuordnen kann, loggen Sie sich bitte aus Ihrem Facebook-Benutzerkonto aus.<\/p>\n<p><strong>Einsatz des Face\u00adbook-Pixels<\/strong><\/p>\n<p>Weiters verwenden wir auf unserer Website den sog. \u201eFace\u00adbook-Pixel\u201c der Face\u00adbook Inc., 1 Hacker Way, Menlo Park, CA 94025, USA, bzw. in der EU Face\u00adbook Ireland Ltd., 4 Grand Canal Square, Grand Canal Harbour, Dublin 2, Irland. Mit dem \u201eFace\u00adbook-Pixel\u201c ist es uns m\u00f6glich, Besu\u00adchern unserer Website mithilfe von Anzeigen, sog. \u201eFace\u00adbook-Ads\u201c, bestimmte f\u00fcr sie rele\u00advante Ange\u00adbote auszu\u00adspielen. Wir setzen das Pixel ein, um gezielt Face\u00adbook-Ads jenen Face\u00adbook-Nutzern anzu\u00adzeigen, die auch ein Inter\u00adesse an unserem Angebot haben.<br \/>Mit Hilfe des Face\u00adbook-Pixels k\u00f6nnen wir die Wirk\u00adsam\u00adkeit der Face\u00adbook-Werbe\u00adan\u00adzeigen f\u00fcr statis\u00adti\u00adsche und Markt\u00adfor\u00adschungs\u00adzwecke nach\u00advoll\u00adziehen.<\/p>\n<p>Der Face\u00adbook-Pixel wird beim Aufruf unserer Webseiten unmit\u00adtelbar durch Face\u00adbook einge\u00adbunden. Gleich\u00adzeitig wird auf dem Ger\u00e4t der Website\u00adbe\u00adsu\u00adcher eine sog. Cookie, eine kleine Datei\/ein Code, gespei\u00adchert. So wird der Besuch unserer Website im Face\u00adbook-Profil der Website\u00adbe\u00adsu\u00adcher vermerkt. Die dort erho\u00adbenen Daten sind f\u00fcr uns anonym, bieten uns also keine R\u00fcck\u00adschl\u00fcsse auf die Iden\u00adtit\u00e4t der Nutzer. Aller\u00addings werden die Daten von Face\u00adbook gespei\u00adchert und verar\u00adbeitet, sodass eine Verbin\u00addung zum jewei\u00adligen Nutzer\u00adprofil m\u00f6glich ist. Die Verar\u00adbei\u00adtung der Daten durch Face\u00adbook erfolgt im Rahmen von Face\u00adbooks Daten\u00adver\u00adwen\u00addungs\u00adricht\u00adlinie. Dementspre\u00adchend erhalten Sie weitere Infor\u00adma\u00adtionen zur Funk\u00adti\u00adons\u00adweise des Remar\u00adke\u00adting-Pixels und gene\u00adrell zur Darstel\u00adlung von Face\u00adbook-Ads, in der Daten\u00adver\u00adwen\u00addungs\u00adricht\u00adlinie von Face\u00adbook: <a href=\"https:\/\/www.facebook.com\/policies_center\">https:\/\/www.face\u00adbook.com\/poli\u00adcies_\u00adcenter<\/a>.<\/p>\n<p>Sie k\u00f6nnen der Erfas\u00adsung durch den Face\u00adbook-Pixel und Verwen\u00addung Ihrer Daten zur Darstel\u00adlung von Face\u00adbook-Ads wider\u00adspre\u00adchen. Hierzu k\u00f6nnen Sie die von Face\u00adbook einge\u00adrich\u00adtete Seite aufrufen und dort die Hinweise zu den Einstel\u00adlungen nutzungs\u00adba\u00adsierter Werbung befolgen: <a href=\"https:\/\/de-de.facebook.com\/help\">https:\/\/de-de.face\u00adbook.com\/help<\/a> oder den Wider\u00adspruch \u00fcber die US-ameri\u00adka\u00adni\u00adsche Seite <a href=\"http:\/\/www.abou\u00adtads.info\/choices\/\">www.abou\u00adtads.info\/choices\/<\/a> oder die EU-Seite <a href=\"http:\/\/www.youron\u00adlinechoices.com\">www.youron\u00adlinechoices.com<\/a> erkl\u00e4ren. Die Einstel\u00adlungen erfolgen platt\u00adfor\u00admun\u00adab\u00adh\u00e4ngig, d.h. sie werden f\u00fcr alle Ger\u00e4te, wie Desk\u00adtop\u00adcom\u00adputer oder mobile Ger\u00e4te \u00fcber\u00adnommen.<\/p>\n<p><strong>Instagram<\/strong><\/p>\n<p>Wir haben auf unserer Webseite Funktionen von Instagram eingebaut. Instagram ist eine Social Media Plattform des Unternehmens Instagram LLC, 1601 Willow Rd, Menlo Park CA 94025, USA. Instagram ist seit 2012 ein Tochterunternehmen von Facebook Inc. und geh\u00f6rt zu den Facebook-Produkten. <a href=\"https:\/\/www.facebook.com\/policies_center\">https:\/\/www.face\u00adbook.com\/poli\u00adcies_\u00adcenter<\/a><\/p>\n<p><strong>Google Fonts<\/strong><\/p>\n<p>Diese Website benutzt Google Fonts API. Es ist darauf ausgelegt, die Erhebung, Speicherung und Verwendung von Endnutzerdaten auf das zu beschr\u00e4nken, was zur effizienten Bereitstellung von Schriftarten erforderlich ist. Die Verwendung der Google Fonts API ist nicht authentifiziert und die Google Fonts API legt keine Cookies fest oder protokolliert sie. Anfragen an die Google Fonts-API werden an ressourcenspezifische Domains wie Fonts.googleapis.com oder fonts.gstatic.com gesendet. Bei Schriftartanfragen werden getrennt von google.com Anmeldedaten gesendet, die an andere, aber authentifizierte Google-Dienste wie Gmail gesendet werden.<\/p>\n<p>Die Google Fonts-API protokolliert die Details der HTTP-Anfrage einschlie\u00dflich des Zeitstempels, der angeforderten URL und aller HTTP-Header (einschlie\u00dflich Verweis-URL und User-Agent-String), die in Verbindung mit der Verwendung der CSS API bereitgestellt werden.<\/p>\n<p><strong>IP-Adressen werden nicht protokolliert.<\/strong><\/p>\n<p>Der Zugriff auf protokollierte Daten ist <a href=\"https:\/\/policies.google.com\/privacy#infosecurity\">sicher<\/a>. Zusammengefasste Nutzungsstatistiken dienen dazu, die Beliebtheit von Schriftfamilien zu messen und werden auf der <a href=\"https:\/\/fonts.google.com\/analytics\">Analyseseite<\/a> von Google Fonts ver\u00f6ffentlicht.<\/p>\n<p>Weitere Informationen zu den von Google erhobenen Daten und deren Verwendung und Sicherung findest du in der <a href=\"https:\/\/policies.google.com\/privacy\">Datenschutzerkl\u00e4rung<\/a> von Google.<\/p>\n<p>Google selbst sieht sich in diesem Zusammenhang bei Google Fonts als \u201cController\u201d bzw. \u201cVerantwortlicher\u201d im Sinne der DSGVO.<\/p>\n<p><strong>Newsletter-Abonnement<\/strong><\/p>\n<p>Der Websitebetreiber bietet Ihnen einen Newsletter an, in welchem er Sie \u00fcber aktuelle Geschehnisse und Angebote informiert. M\u00f6chten Sie den Newsletter abonnieren, m\u00fcssen Sie eine valide E-Mail-Adresse angeben. Wenn Sie den Newsletter abonnieren, erkl\u00e4ren Sie sich mit dem Newsletter-Empfang und den erl\u00e4uterten Verfahren einverstanden.<\/p>\n<p>Widerruf und K\u00fcndigung: Ihre Einwilligung zum Erhalt des Newsletter k\u00f6nnen Sie jederzeit widerrufen und somit das Newsletter-Abonnement k\u00fcndigen. Nach Ihrer K\u00fcndigung erfolgt die L\u00f6schung Ihre personenbezogenen Daten. Ihre Einwilligung in den Newsletterversand erlischt gleichzeitig. Am Ende jedes Newsletters finden Sie den Link zur K\u00fcndigung.<\/p>\n<p><strong>Umgang mit Kontaktdaten<\/strong><\/p>\n<p>Nehmen Sie mit uns als Websitebetreiber durch die angebotenen Kontaktm\u00f6glichkeiten Verbindung auf, werden Ihre Angaben gespeichert, damit auf diese zur Bearbeitung und Beantwortung Ihrer Anfrage zur\u00fcckgegriffen werden kann. Ohne Ihre Einwilligung werden diese Daten nicht an Dritte weitergegeben.<\/p>\n<p><strong>Benutzerkonto<\/strong><\/p>\n<p>Um \u00fcber dieses Angebot Bestellungen t\u00e4tigen zu k\u00f6nnen, muss jeder Kunde ein passwortgesch\u00fctztes Kundenkonto einrichten. Dieses beinhaltet eine \u00dcbersicht \u00fcber get\u00e4tigte Bestellungen und aktive Bestellvorg\u00e4nge. Sofern Sie als Kunde den Onlineshop verlassen, werden Sie automatisch ausgeloggt.<\/p>\n<p>Der Betreiber \u00fcbernimmt keine Haftung f\u00fcr Passwortmissbrauch, sofern dieser nicht von dem Betreiber selbst verursacht wurde.<\/p>\n<p><strong>Bestellvorgang<\/strong><\/p>\n<p>S\u00e4mtliche Daten, welche im Rahmen einer Bestellabwicklung von den Kunden eingegeben werden, werden gespeichert. Dazu geh\u00f6ren:<\/p>\n<ul>\n<li>Name, Vorname<\/li>\n<li>Adresse<\/li>\n<li>Zahldaten<\/li>\n<li>E-Mail-Adresse<\/li>\n<\/ul>\n<p>Jene Daten, welche zur Auslieferung oder Auftragsabwicklung zwingend notwendig sind, werden an dritte Dienstleister weitergegeben. Sowie die Aufbewahrung Ihrer Daten nicht mehr erforderlich oder gesetzlich geboten ist, werden diese gel\u00f6scht.&#8216;<br \/><br \/><strong>\u00a0Server-Logfiles<\/strong><\/p>\n<p>Zugriffsdaten Der Websitebetreiber bzw. Seitenprovider erhebt Daten \u00fcber Zugriffe auf die Seite und speichert diese als \u201eServer-Logfiles\u201c ab. Folgende Daten werden so protokolliert:<\/p>\n<ul>\n<li>Besuchte Website<\/li>\n<li>Uhrzeit zum Zeitpunkt des Zugriffes<\/li>\n<li>Menge der gesendeten Daten in Byte<\/li>\n<li>Quelle\/Verweis, von welchem Sie auf die Seite gelangten<\/li>\n<li>Verwendeter Browser<\/li>\n<li>Verwendetes Betriebssystem<\/li>\n<li>Verwendete IP-Adresse (ggf.: in anonymisierter Form)<\/li>\n<\/ul>\n<p>Die erhobenen Daten dienen lediglich statistischen Auswertungen und zur Verbesserung der Website. Der Websitebetreiber beh\u00e4lt sich allerdings vor, die Server-Logfiles nachtr\u00e4glich zu \u00fcberpr\u00fcfen, sollten konkrete Anhaltspunkte auf eine rechtswidrige Nutzung hinweisen.<\/p>\n<!-- \/wp:paragraph -->\t\t\t\t\t\t<\/div>\n\t\t\t\t<\/div>\n\t\t\t\t\t<\/div>\n\t\t<\/div>\n\t\t\t\t\t\t\t<\/div>\n\t\t<\/section>\n\t\t\t\t\t\t<\/div>\n\t\t\t\t\t<\/div>\n\t\t","protected":false},"excerpt":{"rendered":"<p>Datenschutzerkl\u00e4rung \u00a0Wer wir sind Die Adresse unserer Website ist: https:\/\/download.kleindenkmaeler.de Kommentare Wenn Besucher Kommentare auf der Website schreiben, sammeln wir die Daten, die im Kommentar-Formular angezeigt werden, au\u00dferdem die IP-Adresse des Besuchers und den User-Agent-String (damit wird der Browser identifiziert), um die Erkennung von Spam&#8230;<\/p>\n","protected":false},"author":1,"featured_media":0,"parent":0,"menu_order":0,"comment_status":"closed","ping_status":"open","template":"elementor_canvas","meta":{"footnotes":""},"class_list":["post-3","page","type-page","status-publish","hentry"],"_links":{"self":[{"href":"https:\/\/download.kleindenkmaeler.de\/index.php?rest_route=\/wp\/v2\/pages\/3","targetHints":{"allow":["GET"]}}],"collection":[{"href":"https:\/\/download.kleindenkmaeler.de\/index.php?rest_route=\/wp\/v2\/pages"}],"about":[{"href":"https:\/\/download.kleindenkmaeler.de\/index.php?rest_route=\/wp\/v2\/types\/page"}],"author":[{"embeddable":true,"href":"https:\/\/download.kleindenkmaeler.de\/index.php?rest_route=\/wp\/v2\/users\/1"}],"replies":[{"embeddable":true,"href":"https:\/\/download.kleindenkmaeler.de\/index.php?rest_route=%2Fwp%2Fv2%2Fcomments&post=3"}],"version-history":[{"count":3,"href":"https:\/\/download.kleindenkmaeler.de\/index.php?rest_route=\/wp\/v2\/pages\/3\/revisions"}],"predecessor-version":[{"id":49,"href":"https:\/\/download.kleindenkmaeler.de\/index.php?rest_route=\/wp\/v2\/pages\/3\/revisions\/49"}],"wp:attachment":[{"href":"https:\/\/download.kleindenkmaeler.de\/index.php?rest_route=%2Fwp%2Fv2%2Fmedia&parent=3"}],"curies":[{"name":"wp","href":"https:\/\/api.w.org\/{rel}","templated":true}]}}